{"id":41,"date":"2024-08-20T07:53:31","date_gmt":"2024-08-20T05:53:31","guid":{"rendered":"https:\/\/www.power-mit-hertz.com\/?page_id=41"},"modified":"2024-08-20T07:55:32","modified_gmt":"2024-08-20T05:55:32","slug":"kundenreferenz-energie-management-clever-genutzt-anlagenerweiterung-fuer-die-familie-kohler-durch-power-und-hertz","status":"publish","type":"page","link":"https:\/\/www.power-mit-hertz.com\/?page_id=41","title":{"rendered":"Kundenreferenz: Energie-Management clever genutzt: Anlagenerweiterung in einem Einfamilienhaus durch Power und Hertz"},"content":{"rendered":"\n<p><strong>Kunde:<\/strong> Familie Kohler<br><strong>Projekt:<\/strong> Erweiterung und Modernisierung der PV-Anlage im Einfamilienhaus<br><strong>Ort:<\/strong> Tiefenbronn<br><strong>Datum:<\/strong> 2023<\/p>\n\n\n\n<p><strong>Herausforderung:<\/strong><\/p>\n\n\n\n<p>Die vierk\u00f6pfige Familie Kohler aus Tiefenbronn entschied sich, ihre bestehende Photovoltaikanlage zu erweitern, um den steigenden Energiebedarf zu decken und die Unabh\u00e4ngigkeit vom Stromnetz zu erh\u00f6hen. Eine wesentliche Herausforderung bestand darin, die bestehende PV-Anlage und den vorhandenen Wechselrichter in das neue System zu integrieren. Zudem musste ein Energiemanagementsystem entwickelt werden, das sowohl die alte als auch die neue PV-Anlage sowie den neuen Batteriespeicher effizient steuert. Dabei war es besonders wichtig, dass der Batteriespeicher netzdienlich genutzt wird, vor allem in Verbindung mit dynamischen Stromtarifen, die st\u00fcndlich variieren.<\/p>\n\n\n\n<p><strong>L\u00f6sung:<\/strong><\/p>\n\n\n\n<p>Power und Hertz entwickelte eine ma\u00dfgeschneiderte L\u00f6sung, die den spezifischen Anforderungen der Familie Kohler gerecht wurde. Die bestehende PV-Anlage wurde erweitert und der vorhandene Wechselrichter mit moderner Schnittstellentechnik ausgestattet, um eine nahtlose Integration in das neue Energiemanagementsystem zu erm\u00f6glichen. Durch die Nachr\u00fcstung eines leistungsstarken Batteriespeichers kann die Familie Kohler ihren selbst erzeugten Strom noch effizienter nutzen.<\/p>\n\n\n\n<p>Das innovative Energiemanagementsystem steuert nicht nur die neue und die alte PV-Anlage, sondern auch den optimierten Wechselrichter und den Batteriespeicher. Dies erm\u00f6glicht eine netzdienliche Nutzung der Batterie, indem sie bei dynamischen Strompreisen gezielt dann nachgeladen wird, wenn absehbar ist, dass der Strom aus eigener Erzeugung nicht ausreichen wird und die Preise besonders g\u00fcnstig sind. So werden die Energiekosten gesenkt und gleichzeitig zur Stabilisierung des Stromnetzes beigetragen.<\/p>\n\n\n\n<p><strong>Ergebnisse:<\/strong><\/p>\n\n\n\n<p>Durch die Erweiterung und das intelligente Energiemanagementsystem konnte die Familie Kohler ihre Energieunabh\u00e4ngigkeit deutlich steigern. Der bestehende Wechselrichter arbeitet nun dank der Schnittstellentechnik reibungslos im neuen System mit, und der Batteriespeicher wird netzdienlich betrieben. Dies bringt der Familie nicht nur finanzielle Vorteile, sondern tr\u00e4gt auch zur Stabilit\u00e4t des Stromnetzes bei. Die M\u00f6glichkeit, die Batterie dann aufzuladen, wenn die Strompreise niedrig sind, maximiert die Effizienz und senkt die laufenden Energiekosten nachhaltig.<\/p>\n\n\n\n<p><strong>Kundenzitat:<\/strong><\/p>\n\n\n\n<p>\u201ePower und Hertz hat es geschafft, unsere bestehende PV-Anlage und den Wechselrichter nicht nur in das neue System zu integrieren, sondern uns auch eine intelligente L\u00f6sung zu bieten, die perfekt auf unsere Bed\u00fcrfnisse abgestimmt ist. Besonders begeistert sind wir von der M\u00f6glichkeit, unsere Batterie netzdienlich zu nutzen und damit die Stromkosten noch weiter zu senken. Wir f\u00fchlen uns bestens f\u00fcr die Zukunft ger\u00fcstet.\u201c \u2013 Familie Kohler<\/p>\n\n\n\n<p><strong>Fazit:<\/strong><\/p>\n\n\n\n<p>Die erfolgreiche Erweiterung der PV-Anlage der Familie Kohler in Tiefenbronn zeigt, wie durchdachte Planung und modernste Technologie eine nachhaltige und kosteneffiziente Energienutzung erm\u00f6glichen. Dank der Integration des bestehenden Wechselrichters und der intelligenten Steuerung kann die Familie ihre Energieautarkie weiter ausbauen und gleichzeitig aktiv zur Stabilisierung des Stromnetzes beitragen. Power und Hertz hat eine zukunftssichere L\u00f6sung entwickelt, die der Familie Kohler langfristige Vorteile bietet.<\/p>\n","protected":false},"excerpt":{"rendered":"<p>Kunde: Familie KohlerProjekt: Erweiterung und Modernisierung der PV-Anlage im EinfamilienhausOrt: TiefenbronnDatum: 2023 Herausforderung: Die vierk\u00f6pfige Familie Kohler aus Tiefenbronn entschied sich, ihre bestehende Photovoltaikanlage zu erweitern, um den steigenden Energiebedarf zu decken und die Unabh\u00e4ngigkeit vom Stromnetz zu erh\u00f6hen. Eine wesentliche Herausforderung bestand darin, die bestehende PV-Anlage und den vorhandenen Wechselrichter in das neue System [&hellip;]<\/p>\n","protected":false},"author":1,"featured_media":0,"parent":0,"menu_order":0,"comment_status":"closed","ping_status":"closed","template":"","meta":{"footnotes":""},"class_list":["post-41","page","type-page","status-publish","hentry"],"_links":{"self":[{"href":"https:\/\/www.power-mit-hertz.com\/index.php?rest_route=\/wp\/v2\/pages\/41","targetHints":{"allow":["GET"]}}],"collection":[{"href":"https:\/\/www.power-mit-hertz.com\/index.php?rest_route=\/wp\/v2\/pages"}],"about":[{"href":"https:\/\/www.power-mit-hertz.com\/index.php?rest_route=\/wp\/v2\/types\/page"}],"author":[{"embeddable":true,"href":"https:\/\/www.power-mit-hertz.com\/index.php?rest_route=\/wp\/v2\/users\/1"}],"replies":[{"embeddable":true,"href":"https:\/\/www.power-mit-hertz.com\/index.php?rest_route=%2Fwp%2Fv2%2Fcomments&post=41"}],"version-history":[{"count":2,"href":"https:\/\/www.power-mit-hertz.com\/index.php?rest_route=\/wp\/v2\/pages\/41\/revisions"}],"predecessor-version":[{"id":43,"href":"https:\/\/www.power-mit-hertz.com\/index.php?rest_route=\/wp\/v2\/pages\/41\/revisions\/43"}],"wp:attachment":[{"href":"https:\/\/www.power-mit-hertz.com\/index.php?rest_route=%2Fwp%2Fv2%2Fmedia&parent=41"}],"curies":[{"name":"wp","href":"https:\/\/api.w.org\/{rel}","templated":true}]}}