{"id":45,"date":"2024-08-20T08:35:39","date_gmt":"2024-08-20T06:35:39","guid":{"rendered":"https:\/\/www.power-mit-hertz.com\/?page_id=45"},"modified":"2024-08-20T08:35:39","modified_gmt":"2024-08-20T06:35:39","slug":"kundenreferenz-langfristige-datensicherheit-und-reibungslose-betriebsfuehrung-durch-power-mit-hertz-it-dienstleistungen","status":"publish","type":"page","link":"https:\/\/www.power-mit-hertz.com\/?page_id=45","title":{"rendered":"Kundenreferenz: Langfristige Datensicherheit und reibungslose Betriebsf\u00fchrung durch Power mit Hertz IT Dienstleistungen"},"content":{"rendered":"\n<p><\/p>\n\n\n\n<p>&#8222;Seit der Implementierung unserer Daten-Cloud-Synchronisierungsl\u00f6sung durch Power mit Hertz IT Dienstleistungen im Jahr 2019 sind wir als mittelst\u00e4ndisches Unternehmen in der K\u00e4ltetechnik-Branche \u00e4u\u00dferst zufrieden mit der Leistung und Zuverl\u00e4ssigkeit dieser L\u00f6sung. Die t\u00e4gliche Synchronisierung unserer lokal gehaltenen Daten \u00fcber ein sicheres VPN zu einer entfernten Cloud-Location hat sich als \u00e4u\u00dferst effektiv erwiesen.<\/p>\n\n\n\n<p>Der Betrieb verlief \u00fcber mehrere Jahre hinweg reibungslos, und wir haben von der kontinuierlichen Datensicherung enorm profitiert. Besonders hervorheben m\u00f6chten wir die effiziente \u00dcberwachung durch Power mit Hertz IT Dienstleistungen: Bei St\u00f6rungen der Synchronisierung wurde der Vorfall umgehend an unser IT-Team gemeldet. Dank der proaktiven \u00dcberwachung wurden alle \u00c4nderungen der Daten zeitnah erneut synchronisiert, sodass keine Daten verloren gingen und unser Gesch\u00e4ftsbetrieb stets stabil blieb.<\/p>\n\n\n\n<p>Power mit Hertz IT Dienstleistungen hat sich als zuverl\u00e4ssiger Partner erwiesen, der uns nicht nur durch eine effektive L\u00f6sung, sondern auch durch einen hervorragenden Support w\u00e4hrend der gesamten Betriebsdauer \u00fcberzeugt hat. Wir sch\u00e4tzen die hohe Verf\u00fcgbarkeit und die kontinuierliche Unterst\u00fctzung, die es uns erm\u00f6glicht haben, uns auf unsere Kernkompetenzen zu konzentrieren, ohne uns um die Datensicherheit sorgen zu m\u00fcssen.&#8220;<\/p>\n\n\n\n<p>[Ihr Name]<br>[Ihre Position]<br>[Unternehmen in der K\u00e4ltetechnik-Branche]<\/p>\n\n\n\n<p><\/p>\n","protected":false},"excerpt":{"rendered":"<p>&#8222;Seit der Implementierung unserer Daten-Cloud-Synchronisierungsl\u00f6sung durch Power mit Hertz IT Dienstleistungen im Jahr 2019 sind wir als mittelst\u00e4ndisches Unternehmen in der K\u00e4ltetechnik-Branche \u00e4u\u00dferst zufrieden mit der Leistung und Zuverl\u00e4ssigkeit dieser L\u00f6sung. Die t\u00e4gliche Synchronisierung unserer lokal gehaltenen Daten \u00fcber ein sicheres VPN zu einer entfernten Cloud-Location hat sich als \u00e4u\u00dferst effektiv erwiesen. Der Betrieb verlief [&hellip;]<\/p>\n","protected":false},"author":1,"featured_media":0,"parent":0,"menu_order":0,"comment_status":"closed","ping_status":"closed","template":"","meta":{"footnotes":""},"class_list":["post-45","page","type-page","status-publish","hentry"],"_links":{"self":[{"href":"https:\/\/www.power-mit-hertz.com\/index.php?rest_route=\/wp\/v2\/pages\/45","targetHints":{"allow":["GET"]}}],"collection":[{"href":"https:\/\/www.power-mit-hertz.com\/index.php?rest_route=\/wp\/v2\/pages"}],"about":[{"href":"https:\/\/www.power-mit-hertz.com\/index.php?rest_route=\/wp\/v2\/types\/page"}],"author":[{"embeddable":true,"href":"https:\/\/www.power-mit-hertz.com\/index.php?rest_route=\/wp\/v2\/users\/1"}],"replies":[{"embeddable":true,"href":"https:\/\/www.power-mit-hertz.com\/index.php?rest_route=%2Fwp%2Fv2%2Fcomments&post=45"}],"version-history":[{"count":1,"href":"https:\/\/www.power-mit-hertz.com\/index.php?rest_route=\/wp\/v2\/pages\/45\/revisions"}],"predecessor-version":[{"id":46,"href":"https:\/\/www.power-mit-hertz.com\/index.php?rest_route=\/wp\/v2\/pages\/45\/revisions\/46"}],"wp:attachment":[{"href":"https:\/\/www.power-mit-hertz.com\/index.php?rest_route=%2Fwp%2Fv2%2Fmedia&parent=45"}],"curies":[{"name":"wp","href":"https:\/\/api.w.org\/{rel}","templated":true}]}}